{"id":13,"date":"2025-08-25T20:23:46","date_gmt":"2025-08-25T20:23:46","guid":{"rendered":"https:\/\/kafebasoa.rkinformatika.online\/?page_id=13"},"modified":"2025-08-26T08:25:59","modified_gmt":"2025-08-26T08:25:59","slug":"productos","status":"publish","type":"page","link":"https:\/\/kafebasoa.com\/eu\/productos\/","title":{"rendered":"Produktuak"},"content":{"rendered":"<div data-elementor-type=\"wp-page\" data-elementor-id=\"13\" class=\"elementor elementor-13\" data-elementor-post-type=\"page\">\n\t\t\t\t<div class=\"elementor-element elementor-element-c8576a3 e-flex e-con-boxed e-con e-parent\" data-id=\"c8576a3\" data-element_type=\"container\" data-e-type=\"container\" data-settings=\"{&quot;background_background&quot;:&quot;classic&quot;}\">\n\t\t\t\t\t<div class=\"e-con-inner\">\n\t\t\t\t<div class=\"elementor-element elementor-element-45f6dcb elementor-widget elementor-widget-heading\" data-id=\"45f6dcb\" data-element_type=\"widget\" data-e-type=\"widget\" data-widget_type=\"heading.default\">\n\t\t\t\t\t<h2 class=\"elementor-heading-title elementor-size-default\">Atenci\u00f3n cercana<\/h2>\t\t\t\t<\/div>\n\t\t\t\t<div class=\"elementor-element elementor-element-23ea955 elementor-widget elementor-widget-text-editor\" data-id=\"23ea955\" data-element_type=\"widget\" data-e-type=\"widget\" data-widget_type=\"text-editor.default\">\n\t\t\t\t\t\t\t\t\t<p>Vive el tardeo en Basauri<\/p>\t\t\t\t\t\t\t\t<\/div>\n\t\t\t\t\t<\/div>\n\t\t\t\t<\/div>\n\t\t<div class=\"elementor-element elementor-element-7458ed8 e-flex e-con-boxed e-con e-parent\" data-id=\"7458ed8\" data-element_type=\"container\" data-e-type=\"container\">\n\t\t\t\t\t<div class=\"e-con-inner\">\n\t\t<div class=\"elementor-element elementor-element-0b04e0e e-con-full e-flex e-con e-child\" data-id=\"0b04e0e\" data-element_type=\"container\" data-e-type=\"container\">\n\t\t\t\t<div class=\"elementor-element elementor-element-f22c331 elementor-widget elementor-widget-heading\" data-id=\"f22c331\" data-element_type=\"widget\" data-e-type=\"widget\" data-widget_type=\"heading.default\">\n\t\t\t\t\t<h2 class=\"elementor-heading-title elementor-size-default\">Desayunos<\/h2>\t\t\t\t<\/div>\n\t\t\t\t<div class=\"elementor-element elementor-element-5d605b4 elementor-widget elementor-widget-text-editor\" data-id=\"5d605b4\" data-element_type=\"widget\" data-e-type=\"widget\" data-widget_type=\"text-editor.default\">\n\t\t\t\t\t\t\t\t\t<ul data-start=\"191\" data-end=\"553\"><li data-start=\"191\" data-end=\"292\"><p data-start=\"193\" data-end=\"292\">Caf\u00e9s e infusiones: espresso, caf\u00e9 con leche, cortado, capuchino, t\u00e9s e infusiones naturales.<\/p><\/li><li data-start=\"293\" data-end=\"360\"><p data-start=\"295\" data-end=\"360\">Boller\u00eda reci\u00e9n horneada: croissants, napolitanas, muffins.<\/p><\/li><li data-start=\"361\" data-end=\"470\"><p data-start=\"363\" data-end=\"470\">Tostadas y pintxos: pan artesano con mermelada, tomate y aceite, opciones saladas y pintxos variados.<\/p><\/li><li data-start=\"471\" data-end=\"553\"><p data-start=\"473\" data-end=\"553\">Opciones saludables: zumos naturales, batidos, yogur con fruta y cereales.<\/p><\/li><\/ul><p data-start=\"555\" data-end=\"615\">\u00a0<\/p>\t\t\t\t\t\t\t\t<\/div>\n\t\t\t\t<\/div>\n\t\t<div class=\"elementor-element elementor-element-6e29b98 e-con-full e-flex e-con e-child\" data-id=\"6e29b98\" data-element_type=\"container\" data-e-type=\"container\">\n\t\t\t\t<div class=\"elementor-element elementor-element-8ebc237 elementor-widget elementor-widget-image\" data-id=\"8ebc237\" data-element_type=\"widget\" data-e-type=\"widget\" data-widget_type=\"image.default\">\n\t\t\t\t\t\t\t\t\t\t\t\t\t\t\t<img fetchpriority=\"high\" decoding=\"async\" width=\"800\" height=\"534\" src=\"https:\/\/kafebasoa.com\/wp-content\/uploads\/2025\/08\/18381-1024x683.jpg\" class=\"attachment-large size-large wp-image-306\" alt=\"\" srcset=\"https:\/\/kafebasoa.com\/wp-content\/uploads\/2025\/08\/18381-1024x683.jpg 1024w, https:\/\/kafebasoa.com\/wp-content\/uploads\/2025\/08\/18381-300x200.jpg 300w, https:\/\/kafebasoa.com\/wp-content\/uploads\/2025\/08\/18381-768x512.jpg 768w, https:\/\/kafebasoa.com\/wp-content\/uploads\/2025\/08\/18381-18x12.jpg 18w, https:\/\/kafebasoa.com\/wp-content\/uploads\/2025\/08\/18381.jpg 1500w\" sizes=\"(max-width: 800px) 100vw, 800px\" \/>\t\t\t\t\t\t\t\t\t\t\t\t\t\t\t<\/div>\n\t\t\t\t<\/div>\n\t\t<div class=\"elementor-element elementor-element-a7d4548 e-con-full e-flex e-con e-child\" data-id=\"a7d4548\" data-element_type=\"container\" data-e-type=\"container\">\n\t\t\t\t<div class=\"elementor-element elementor-element-c84455c elementor-widget elementor-widget-image\" data-id=\"c84455c\" data-element_type=\"widget\" data-e-type=\"widget\" data-widget_type=\"image.default\">\n\t\t\t\t\t\t\t\t\t\t\t\t\t\t\t<img decoding=\"async\" width=\"800\" height=\"534\" src=\"https:\/\/kafebasoa.com\/wp-content\/uploads\/2025\/08\/1048644-1024x683.jpg\" class=\"attachment-large size-large wp-image-310\" alt=\"\" srcset=\"https:\/\/kafebasoa.com\/wp-content\/uploads\/2025\/08\/1048644-1024x683.jpg 1024w, https:\/\/kafebasoa.com\/wp-content\/uploads\/2025\/08\/1048644-300x200.jpg 300w, https:\/\/kafebasoa.com\/wp-content\/uploads\/2025\/08\/1048644-768x512.jpg 768w, https:\/\/kafebasoa.com\/wp-content\/uploads\/2025\/08\/1048644-18x12.jpg 18w, https:\/\/kafebasoa.com\/wp-content\/uploads\/2025\/08\/1048644.jpg 1500w\" sizes=\"(max-width: 800px) 100vw, 800px\" \/>\t\t\t\t\t\t\t\t\t\t\t\t\t\t\t<\/div>\n\t\t\t\t<\/div>\n\t\t<div class=\"elementor-element elementor-element-e8f0190 e-con-full e-flex e-con e-child\" data-id=\"e8f0190\" data-element_type=\"container\" data-e-type=\"container\">\n\t\t\t\t<div class=\"elementor-element elementor-element-a0c1601 elementor-widget elementor-widget-heading\" data-id=\"a0c1601\" data-element_type=\"widget\" data-e-type=\"widget\" data-widget_type=\"heading.default\">\n\t\t\t\t\t<h2 class=\"elementor-heading-title elementor-size-default\">Tardeo<\/h2>\t\t\t\t<\/div>\n\t\t\t\t<div class=\"elementor-element elementor-element-1a349ac elementor-widget elementor-widget-text-editor\" data-id=\"1a349ac\" data-element_type=\"widget\" data-e-type=\"widget\" data-widget_type=\"text-editor.default\">\n\t\t\t\t\t\t\t\t\t<ul><li data-start=\"637\" data-end=\"716\"><p data-start=\"639\" data-end=\"716\">Vermuts y aperitivos: vermut tradicional, txakoli, vinos seleccionados.<\/p><\/li><li data-start=\"717\" data-end=\"821\"><p data-start=\"719\" data-end=\"821\">Cervezas artesanas y de importaci\u00f3n: amplia variedad de etiquetas para descubrir nuevos sabores.<\/p><\/li><li data-start=\"822\" data-end=\"905\"><p data-start=\"824\" data-end=\"905\">Pintxos y raciones: opciones fr\u00edas y calientes para compartir entre amigos.<\/p><\/li><li data-start=\"906\" data-end=\"977\"><p data-start=\"908\" data-end=\"977\">C\u00f3cteles suaves: combinaciones frescas para acompa\u00f1ar la tarde.<\/p><\/li><\/ul>\t\t\t\t\t\t\t\t<\/div>\n\t\t\t\t<\/div>\n\t\t<div class=\"elementor-element elementor-element-959a465 e-con-full e-flex e-con e-child\" data-id=\"959a465\" data-element_type=\"container\" data-e-type=\"container\">\n\t\t\t\t<div class=\"elementor-element elementor-element-5e8787a elementor-widget elementor-widget-heading\" data-id=\"5e8787a\" data-element_type=\"widget\" data-e-type=\"widget\" data-widget_type=\"heading.default\">\n\t\t\t\t\t<h2 class=\"elementor-heading-title elementor-size-default\">Copas y Noches<\/h2>\t\t\t\t<\/div>\n\t\t\t\t<div class=\"elementor-element elementor-element-a3a6b0d elementor-widget elementor-widget-text-editor\" data-id=\"a3a6b0d\" data-element_type=\"widget\" data-e-type=\"widget\" data-widget_type=\"text-editor.default\">\n\t\t\t\t\t\t\t\t\t<ul><li data-start=\"1083\" data-end=\"1146\"><p data-start=\"1085\" data-end=\"1146\">Gin-tonics premium: con bot\u00e1nicos y t\u00f3nicas especiales.<\/p><\/li><li data-start=\"1147\" data-end=\"1236\"><p data-start=\"1149\" data-end=\"1236\">C\u00f3cteles cl\u00e1sicos y de autor: mojito, caipiri\u00f1a, margarita, y creaciones propias.<\/p><\/li><li data-start=\"1237\" data-end=\"1285\"><p data-start=\"1239\" data-end=\"1285\">Combinados: ron, whisky, vodka, licores.<\/p><\/li><li data-start=\"1286\" data-end=\"1355\"><p data-start=\"1288\" data-end=\"1355\">Cervezas y refrescos: para quienes prefieren algo m\u00e1s ligero.<\/p><\/li><\/ul>\t\t\t\t\t\t\t\t<\/div>\n\t\t\t\t<\/div>\n\t\t<div class=\"elementor-element elementor-element-431ee57 e-con-full e-flex e-con e-child\" data-id=\"431ee57\" data-element_type=\"container\" data-e-type=\"container\">\n\t\t\t\t<div class=\"elementor-element elementor-element-7dd9f93 elementor-widget elementor-widget-image\" data-id=\"7dd9f93\" data-element_type=\"widget\" data-e-type=\"widget\" data-widget_type=\"image.default\">\n\t\t\t\t\t\t\t\t\t\t\t\t\t\t\t<img decoding=\"async\" width=\"800\" height=\"534\" src=\"https:\/\/kafebasoa.com\/wp-content\/uploads\/2025\/08\/2148342235-1024x683.jpg\" class=\"attachment-large size-large wp-image-324\" alt=\"\" srcset=\"https:\/\/kafebasoa.com\/wp-content\/uploads\/2025\/08\/2148342235-1024x683.jpg 1024w, https:\/\/kafebasoa.com\/wp-content\/uploads\/2025\/08\/2148342235-300x200.jpg 300w, https:\/\/kafebasoa.com\/wp-content\/uploads\/2025\/08\/2148342235-768x512.jpg 768w, https:\/\/kafebasoa.com\/wp-content\/uploads\/2025\/08\/2148342235-18x12.jpg 18w, https:\/\/kafebasoa.com\/wp-content\/uploads\/2025\/08\/2148342235.jpg 1500w\" sizes=\"(max-width: 800px) 100vw, 800px\" \/>\t\t\t\t\t\t\t\t\t\t\t\t\t\t\t<\/div>\n\t\t\t\t<\/div>\n\t\t\t\t\t<\/div>\n\t\t\t\t<\/div>\n\t\t<div class=\"elementor-element elementor-element-4f88df0 e-con-full e-flex e-con e-parent\" data-id=\"4f88df0\" data-element_type=\"container\" data-e-type=\"container\" data-settings=\"{&quot;background_background&quot;:&quot;classic&quot;}\">\n\t\t\t\t<div class=\"elementor-element elementor-element-287d0b1 elementor-cta--skin-cover elementor-animated-content elementor-bg-transform elementor-bg-transform-zoom-in elementor-widget elementor-widget-call-to-action\" data-id=\"287d0b1\" data-element_type=\"widget\" data-e-type=\"widget\" data-widget_type=\"call-to-action.default\">\n\t\t\t\t\t\t\t<div class=\"elementor-cta\">\n\t\t\t\t\t<div class=\"elementor-cta__bg-wrapper\">\n\t\t\t\t<div class=\"elementor-cta__bg elementor-bg\" style=\"background-image: url(https:\/\/kafebasoa.com\/wp-content\/uploads\/2025\/08\/imagen_mejorada-1024x573.png);\" role=\"img\" aria-label=\"imagen_mejorada\"><\/div>\n\t\t\t\t<div class=\"elementor-cta__bg-overlay\"><\/div>\n\t\t\t<\/div>\n\t\t\t\t\t\t\t<div class=\"elementor-cta__content\">\n\t\t\t\t\n\t\t\t\t\t\t\t\t\t<h2 class=\"elementor-cta__title elementor-cta__content-item elementor-content-item elementor-animated-item--grow\">\n\t\t\t\t\t\tHaz de nuestro bar tu lugar de encuentro\t\t\t\t\t<\/h2>\n\t\t\t\t\n\t\t\t\t\t\t\t\t\t<div class=\"elementor-cta__description elementor-cta__content-item elementor-content-item elementor-animated-item--grow\">\n\t\t\t\t\t\t\u00bfTienes dudas, quieres reservar o simplemente saludarnos? Escr\u00edbenos.\t\t\t\t\t<\/div>\n\t\t\t\t\n\t\t\t\t\t\t\t\t\t<div class=\"elementor-cta__button-wrapper elementor-cta__content-item elementor-content-item elementor-animated-item--grow\">\n\t\t\t\t\t<a class=\"elementor-cta__button elementor-button elementor-size-\" href=\"https:\/\/kafebasoa.com\/eu\/contacto\/\">\n\t\t\t\t\t\tCONTACTO\t\t\t\t\t<\/a>\n\t\t\t\t\t<\/div>\n\t\t\t\t\t\t\t<\/div>\n\t\t\t\t\t\t<\/div>\n\t\t\t\t\t\t<\/div>\n\t\t\t\t<\/div>\n\t\t\t\t<\/div>","protected":false},"excerpt":{"rendered":"<p>Atenci\u00f3n cercana Vive el tardeo en Basauri Desayunos Caf\u00e9s e infusiones: espresso, caf\u00e9 con leche, cortado, capuchino, t\u00e9s e infusiones naturales. Boller\u00eda reci\u00e9n horneada: croissants, napolitanas, muffins. Tostadas y pintxos: pan artesano con mermelada, tomate y aceite, opciones saladas y pintxos variados. Opciones saludables: zumos naturales, batidos, yogur con fruta y cereales. \u00a0 Tardeo Vermuts [&hellip;]<\/p>\n","protected":false},"author":1,"featured_media":0,"parent":0,"menu_order":0,"comment_status":"closed","ping_status":"closed","template":"elementor_canvas","meta":{"footnotes":""},"class_list":["post-13","page","type-page","status-publish","hentry"],"yoast_head":"<!-- This site is optimized with the Yoast SEO plugin v27.3 - https:\/\/yoast.com\/product\/yoast-seo-wordpress\/ -->\n<title>Productos - Kafe Basoa<\/title>\n<meta name=\"robots\" content=\"index, follow, max-snippet:-1, max-image-preview:large, max-video-preview:-1\" \/>\n<link rel=\"canonical\" href=\"https:\/\/kafebasoa.com\/eu\/productos\/\" \/>\n<meta property=\"og:locale\" content=\"en_US\" \/>\n<meta property=\"og:type\" content=\"article\" \/>\n<meta property=\"og:title\" content=\"Productos - Kafe Basoa\" \/>\n<meta property=\"og:description\" content=\"Atenci\u00f3n cercana Vive el tardeo en Basauri Desayunos Caf\u00e9s e infusiones: espresso, caf\u00e9 con leche, cortado, capuchino, t\u00e9s e infusiones naturales. Boller\u00eda reci\u00e9n horneada: croissants, napolitanas, muffins. Tostadas y pintxos: pan artesano con mermelada, tomate y aceite, opciones saladas y pintxos variados. Opciones saludables: zumos naturales, batidos, yogur con fruta y cereales. \u00a0 Tardeo Vermuts [&hellip;]\" \/>\n<meta property=\"og:url\" content=\"https:\/\/kafebasoa.com\/eu\/productos\/\" \/>\n<meta property=\"og:site_name\" content=\"Kafe Basoa\" \/>\n<meta property=\"article:modified_time\" content=\"2025-08-26T08:25:59+00:00\" \/>\n<meta property=\"og:image\" content=\"https:\/\/kafebasoa.com\/wp-content\/uploads\/2025\/08\/18381-1024x683.jpg\" \/>\n<meta name=\"twitter:card\" content=\"summary_large_image\" \/>\n<meta name=\"twitter:label1\" content=\"Est. reading time\" \/>\n\t<meta name=\"twitter:data1\" content=\"1 minutua\" \/>\n<script type=\"application\/ld+json\" class=\"yoast-schema-graph\">{\"@context\":\"https:\\\/\\\/schema.org\",\"@graph\":[{\"@type\":\"WebPage\",\"@id\":\"https:\\\/\\\/kafebasoa.com\\\/productos\\\/\",\"url\":\"https:\\\/\\\/kafebasoa.com\\\/productos\\\/\",\"name\":\"Productos - Kafe Basoa\",\"isPartOf\":{\"@id\":\"https:\\\/\\\/kafebasoa.com\\\/#website\"},\"primaryImageOfPage\":{\"@id\":\"https:\\\/\\\/kafebasoa.com\\\/productos\\\/#primaryimage\"},\"image\":{\"@id\":\"https:\\\/\\\/kafebasoa.com\\\/productos\\\/#primaryimage\"},\"thumbnailUrl\":\"https:\\\/\\\/kafebasoa.com\\\/wp-content\\\/uploads\\\/2025\\\/08\\\/18381-1024x683.jpg\",\"datePublished\":\"2025-08-25T20:23:46+00:00\",\"dateModified\":\"2025-08-26T08:25:59+00:00\",\"breadcrumb\":{\"@id\":\"https:\\\/\\\/kafebasoa.com\\\/productos\\\/#breadcrumb\"},\"inLanguage\":\"eu\",\"potentialAction\":[{\"@type\":\"ReadAction\",\"target\":[\"https:\\\/\\\/kafebasoa.com\\\/productos\\\/\"]}]},{\"@type\":\"ImageObject\",\"inLanguage\":\"eu\",\"@id\":\"https:\\\/\\\/kafebasoa.com\\\/productos\\\/#primaryimage\",\"url\":\"https:\\\/\\\/kafebasoa.com\\\/wp-content\\\/uploads\\\/2025\\\/08\\\/18381-1024x683.jpg\",\"contentUrl\":\"https:\\\/\\\/kafebasoa.com\\\/wp-content\\\/uploads\\\/2025\\\/08\\\/18381-1024x683.jpg\"},{\"@type\":\"BreadcrumbList\",\"@id\":\"https:\\\/\\\/kafebasoa.com\\\/productos\\\/#breadcrumb\",\"itemListElement\":[{\"@type\":\"ListItem\",\"position\":1,\"name\":\"Portada\",\"item\":\"https:\\\/\\\/kafebasoa.com\\\/\"},{\"@type\":\"ListItem\",\"position\":2,\"name\":\"Productos\"}]},{\"@type\":\"WebSite\",\"@id\":\"https:\\\/\\\/kafebasoa.com\\\/#website\",\"url\":\"https:\\\/\\\/kafebasoa.com\\\/\",\"name\":\"Kafe Basoa\",\"description\":\"Hosteler\u00eda\",\"publisher\":{\"@id\":\"https:\\\/\\\/kafebasoa.com\\\/#organization\"},\"potentialAction\":[{\"@type\":\"SearchAction\",\"target\":{\"@type\":\"EntryPoint\",\"urlTemplate\":\"https:\\\/\\\/kafebasoa.com\\\/?s={search_term_string}\"},\"query-input\":{\"@type\":\"PropertyValueSpecification\",\"valueRequired\":true,\"valueName\":\"search_term_string\"}}],\"inLanguage\":\"eu\"},{\"@type\":\"Organization\",\"@id\":\"https:\\\/\\\/kafebasoa.com\\\/#organization\",\"name\":\"Kafe Basoa\",\"url\":\"https:\\\/\\\/kafebasoa.com\\\/\",\"logo\":{\"@type\":\"ImageObject\",\"inLanguage\":\"eu\",\"@id\":\"https:\\\/\\\/kafebasoa.com\\\/#\\\/schema\\\/logo\\\/image\\\/\",\"url\":\"https:\\\/\\\/kafebasoa.com\\\/wp-content\\\/uploads\\\/2025\\\/08\\\/cropped-barbasoa202506_logoticket.jpg\",\"contentUrl\":\"https:\\\/\\\/kafebasoa.com\\\/wp-content\\\/uploads\\\/2025\\\/08\\\/cropped-barbasoa202506_logoticket.jpg\",\"width\":181,\"height\":204,\"caption\":\"Kafe Basoa\"},\"image\":{\"@id\":\"https:\\\/\\\/kafebasoa.com\\\/#\\\/schema\\\/logo\\\/image\\\/\"}}]}<\/script>\n<!-- \/ Yoast SEO plugin. -->","yoast_head_json":{"title":"Productos - Kafe Basoa","robots":{"index":"index","follow":"follow","max-snippet":"max-snippet:-1","max-image-preview":"max-image-preview:large","max-video-preview":"max-video-preview:-1"},"canonical":"https:\/\/kafebasoa.com\/eu\/productos\/","og_locale":"en_US","og_type":"article","og_title":"Productos - Kafe Basoa","og_description":"Atenci\u00f3n cercana Vive el tardeo en Basauri Desayunos Caf\u00e9s e infusiones: espresso, caf\u00e9 con leche, cortado, capuchino, t\u00e9s e infusiones naturales. Boller\u00eda reci\u00e9n horneada: croissants, napolitanas, muffins. Tostadas y pintxos: pan artesano con mermelada, tomate y aceite, opciones saladas y pintxos variados. Opciones saludables: zumos naturales, batidos, yogur con fruta y cereales. \u00a0 Tardeo Vermuts [&hellip;]","og_url":"https:\/\/kafebasoa.com\/eu\/productos\/","og_site_name":"Kafe Basoa","article_modified_time":"2025-08-26T08:25:59+00:00","og_image":[{"url":"https:\/\/kafebasoa.com\/wp-content\/uploads\/2025\/08\/18381-1024x683.jpg","type":"","width":"","height":""}],"twitter_card":"summary_large_image","twitter_misc":{"Est. reading time":"1 minutua"},"schema":{"@context":"https:\/\/schema.org","@graph":[{"@type":"WebPage","@id":"https:\/\/kafebasoa.com\/productos\/","url":"https:\/\/kafebasoa.com\/productos\/","name":"Productos - Kafe Basoa","isPartOf":{"@id":"https:\/\/kafebasoa.com\/#website"},"primaryImageOfPage":{"@id":"https:\/\/kafebasoa.com\/productos\/#primaryimage"},"image":{"@id":"https:\/\/kafebasoa.com\/productos\/#primaryimage"},"thumbnailUrl":"https:\/\/kafebasoa.com\/wp-content\/uploads\/2025\/08\/18381-1024x683.jpg","datePublished":"2025-08-25T20:23:46+00:00","dateModified":"2025-08-26T08:25:59+00:00","breadcrumb":{"@id":"https:\/\/kafebasoa.com\/productos\/#breadcrumb"},"inLanguage":"eu","potentialAction":[{"@type":"ReadAction","target":["https:\/\/kafebasoa.com\/productos\/"]}]},{"@type":"ImageObject","inLanguage":"eu","@id":"https:\/\/kafebasoa.com\/productos\/#primaryimage","url":"https:\/\/kafebasoa.com\/wp-content\/uploads\/2025\/08\/18381-1024x683.jpg","contentUrl":"https:\/\/kafebasoa.com\/wp-content\/uploads\/2025\/08\/18381-1024x683.jpg"},{"@type":"BreadcrumbList","@id":"https:\/\/kafebasoa.com\/productos\/#breadcrumb","itemListElement":[{"@type":"ListItem","position":1,"name":"Portada","item":"https:\/\/kafebasoa.com\/"},{"@type":"ListItem","position":2,"name":"Productos"}]},{"@type":"WebSite","@id":"https:\/\/kafebasoa.com\/#website","url":"https:\/\/kafebasoa.com\/","name":"Kafe Basoa","description":"Hosteler\u00eda","publisher":{"@id":"https:\/\/kafebasoa.com\/#organization"},"potentialAction":[{"@type":"SearchAction","target":{"@type":"EntryPoint","urlTemplate":"https:\/\/kafebasoa.com\/?s={search_term_string}"},"query-input":{"@type":"PropertyValueSpecification","valueRequired":true,"valueName":"search_term_string"}}],"inLanguage":"eu"},{"@type":"Organization","@id":"https:\/\/kafebasoa.com\/#organization","name":"Kafe Basoa","url":"https:\/\/kafebasoa.com\/","logo":{"@type":"ImageObject","inLanguage":"eu","@id":"https:\/\/kafebasoa.com\/#\/schema\/logo\/image\/","url":"https:\/\/kafebasoa.com\/wp-content\/uploads\/2025\/08\/cropped-barbasoa202506_logoticket.jpg","contentUrl":"https:\/\/kafebasoa.com\/wp-content\/uploads\/2025\/08\/cropped-barbasoa202506_logoticket.jpg","width":181,"height":204,"caption":"Kafe Basoa"},"image":{"@id":"https:\/\/kafebasoa.com\/#\/schema\/logo\/image\/"}}]}},"_links":{"self":[{"href":"https:\/\/kafebasoa.com\/eu\/wp-json\/wp\/v2\/pages\/13","targetHints":{"allow":["GET"]}}],"collection":[{"href":"https:\/\/kafebasoa.com\/eu\/wp-json\/wp\/v2\/pages"}],"about":[{"href":"https:\/\/kafebasoa.com\/eu\/wp-json\/wp\/v2\/types\/page"}],"author":[{"embeddable":true,"href":"https:\/\/kafebasoa.com\/eu\/wp-json\/wp\/v2\/users\/1"}],"replies":[{"embeddable":true,"href":"https:\/\/kafebasoa.com\/eu\/wp-json\/wp\/v2\/comments?post=13"}],"version-history":[{"count":46,"href":"https:\/\/kafebasoa.com\/eu\/wp-json\/wp\/v2\/pages\/13\/revisions"}],"predecessor-version":[{"id":358,"href":"https:\/\/kafebasoa.com\/eu\/wp-json\/wp\/v2\/pages\/13\/revisions\/358"}],"wp:attachment":[{"href":"https:\/\/kafebasoa.com\/eu\/wp-json\/wp\/v2\/media?parent=13"}],"curies":[{"name":"wp","href":"https:\/\/api.w.org\/{rel}","templated":true}]}}